{"id":1190,"date":"2010-06-30T15:51:16","date_gmt":"2010-06-30T19:51:16","guid":{"rendered":"http:\/\/wordcampmontreal.org\/"},"modified":"2024-06-20T22:52:08","modified_gmt":"2024-06-21T02:52:08","slug":"become-a-speaker","status":"publish","type":"page","link":"https:\/\/wpmtl.org\/en\/wordcamp\/become-a-speaker\/","title":{"rendered":"Speak at WordCamp"},"content":{"rendered":"<p><em>Veuillez d\u00e9rouler pour la version fran\u00e7aise.<\/em><\/p>\n<p><img data-recalc-dims=\"1\" loading=\"lazy\" decoding=\"async\" class=\"alignnone size-full wp-image-162769\" src=\"https:\/\/i0.wp.com\/montreal.wordcamp.org\/2014\/files\/2014\/05\/WPMTL2013_026_LR-crop1.jpg?resize=720%2C353&#038;ssl=1\" alt=\"Eliza Arrizza\" width=\"720\" height=\"353\" \/><\/p>\n<p class=\"photocap\">Photo: <a href=\"https:\/\/zmimi.photoshelter.com\/rs?data=3SfrDydLxQJaGQGeJqEVD6MwszDNiRD99382XRsXFvD_kFGnA_GPuKjQwA8nWmh7RfuPGFkZkxzCwI4Mc7kRIcGIaNygm2IYIGY_4Vfwsg--\">Mimi Zhou<\/a><\/p>\n<h2>Become a WordCamp Speaker<\/h2>\n<p>Each year WordCamp Montreal strives to offer a wide variety of talks and discussions about WordPress. We are looking for people who are excited about WordPress to entertain our attendees and teach them new things.<\/p>\n<h3>APPLYING TO SPEAK<\/h3>\n<p>We only accept speaking applications in the months leading up to WordCamp, so at any given moment there may not be a way to apply.<\/p>\n<p><strong>Please visit\u00a0<a title=\"WordCamp Montreal Shortlink\" href=\"https:\/\/montreal.wordcamp.org\/2023\/\">wcmtl.org<\/a>\u00a0to see if we are currently accepting speaker submissions for WordCamp Montreal.<\/strong><\/p>\n<h3>SOCIAL AND Community\u00a0MEETUPS \u2013 ANOTHER PLACE TO PRESENT.<\/h3>\n<p>Note that we also have the community meetups\u00a0on a regular basis, so if you want to speak at one, please\u00a0<a title=\"Contact\" href=\"https:\/\/wpmtl.org\/contact\/\">contact us<\/a>.<\/p>\n<h3>Why speak?<\/h3>\n<p>Presenting at WordCamp takes some work but is very rewarding. You get to show off how smart you are, convince people you\u2019re worth hiring and help everyone learn about WordPress, all at the same time. Speakers also receive free admission to WordCamp.<\/p>\n<h3>What we\u2019re looking for<\/h3>\n<p>The ideal speaker has a <strong>WordPress-related topic<\/strong> they are passionate about and that they can present in <strong>45 minutes<\/strong> with attractive <strong>PowerPoint\/Keynote slides<\/strong> and <strong>detailed, coherent explanations<\/strong>. Designers, bloggers, businesses and developers are all welcome to apply! Talks can be in English or French. Your topic should be specific to WordPress.<\/p>\n<p>Show us what you\u2019ve made with WordPress and explain how you did it, or what you learned in the process. Give us concrete examples: code snippets, 10 important lessons you learned, specific advice on how to avoid problems, etc. Nothing is too hardcore, advanced, simple or beginner-level. We\u2019re looking for diversity.<\/p>\n<p>We reserve the right to refuse any submission.<\/p>\n<h3>General Areas<\/h3>\n<p>The general fields we are hoping to cover include:<\/p>\n<ul>\n<li>Using WordPress to blog and write.<\/li>\n<li>Using WordPress to design and build websites.<\/li>\n<li>WordPress plugin and core development and systems administration.<\/li>\n<li>Primers on underlying web technologies (HTML, CSS, PHP, JavaScript) that are needed for WordPress development.<\/li>\n<\/ul>\n<p>Please view <a href=\"https:\/\/montreal.wordcamp.org\/2013\/schedule\/\">last year\u2019s schedule<\/a> for example topics.<\/p>\n<h3>Topic Ideas<\/h3>\n<p>Here\u2019s a list of topics we\u2019d love to see at WordCamp. These are just examples!<\/p>\n<h4>User\/Blogger Track<\/h4>\n<ul>\n<li>Finding the perfect themes\/plugins<\/li>\n<li>HTML for bloggers<\/li>\n<li>Using child themes<\/li>\n<li>Monetizing your website<\/li>\n<li>Attracting readers<\/li>\n<li>Writing for the web<\/li>\n<li>Case studies of large projects<\/li>\n<\/ul>\n<h4>Designer\/Developer Track<\/h4>\n<ul>\n<li>Creating Bilingual sites<\/li>\n<li>Design advice for WordPress<\/li>\n<li>CSS tips for WordPress<\/li>\n<li>Editing themes and using template tags<\/li>\n<li>Creating plugins (intro or in-depth)<\/li>\n<li>Releasing and\/or selling themes<\/li>\n<li>GPL\/Free Software and what it means for WP Plugins and themes<\/li>\n<li>Intro to Apache\/MySQL optimization<\/li>\n<\/ul>\n<p><img data-recalc-dims=\"1\" loading=\"lazy\" decoding=\"async\" class=\"alignnone size-full wp-image-162761\" src=\"https:\/\/i0.wp.com\/montreal.wordcamp.org\/2014\/files\/2014\/05\/WPMTL2013_152_banner.jpg?resize=720%2C288&#038;ssl=1\" alt=\"WordCamp panelists\" width=\"720\" height=\"288\" \/><\/p>\n<p class=\"photocap\">Photo: <a href=\"http:\/\/elida.ca\">Elida Arrizza<\/a><\/p>\n<hr \/>\n<h2 id=\"fr\">Devenir une conf\u00e9renci\u00e8re ou conf\u00e9rencier<\/h2>\n<p><img data-recalc-dims=\"1\" loading=\"lazy\" decoding=\"async\" class=\"alignnone size-full wp-image-162769\" src=\"https:\/\/i0.wp.com\/montreal.wordcamp.org\/2014\/files\/2014\/05\/WPMTL2013_026_LR-crop1.jpg?resize=720%2C353&#038;ssl=1\" alt=\"Eliza Arrizza\" width=\"720\" height=\"353\" \/><\/p>\n<p class=\"photocap\">Photo: <a href=\"https:\/\/zmimi.photoshelter.com\/rs?data=3SfrDydLxQJaGQGeJqEVD6MwszDNiRD99382XRsXFvD_kFGnA_GPuKjQwA8nWmh7RfuPGFkZkxzCwI4Mc7kRIcGIaNygm2IYIGY_4Vfwsg--\">Mimi Zhou<\/a><\/p>\n<p>Chaque ann\u00e9e,\u00a0WordCamp\u00a0Montr\u00e9al\u00a0s&#8217;efforce\u00a0d&#8217;offrir\u00a0un large \u00e9ventail de\u00a0conf\u00e9rences et de discussions\u00a0sur\u00a0WordPress.\u00a0Nous recherchons des\u00a0personnes\u00a0qui\u00a0sont passionn\u00e9es par\u00a0WordPress\u00a0afin de divertir\u00a0nos\u00a0visiteurs\u00a0et\u00a0leur apprendre\u00a0de nouvelles choses.<\/p>\n<h3>Faire une soumission<\/h3>\n<p>Nous acceptons les soumissions uniquement\u00a0durant les quelques mois pr\u00e9c\u00e9dent WordCamp, alors il se peut\u00a0qu&#8217;il n&#8217;existe actuellement aucune fa\u00e7on de postuler.<\/p>\n<p><strong>Veuillez visiter\u00a0<a title=\"WordCamp Montreal Shortlink\" href=\"https:\/\/montreal.wordcamp.org\/2023\/\">wcmtl.org<\/a>\u00a0pour savoir si nous sommes actuellement \u00e0 la recherche de conf\u00e9renci\u00e8res et conf\u00e9renciers.<\/strong><\/p>\n<h3>MEETUPS Communautaires et sociales \u2013 Une autre possibilit\u00e9<\/h3>\n<p>Nous avons des meetups sur une base r\u00e9guli\u00e8re. Veuillez <a title=\"Contact\" href=\"https:\/\/wpmtl.org\/contact\/\">communiquer avec nous<\/a> pour se discuter des possibilit\u00e9s de pr\u00e9senter lors d&#8217;un de nos \u00e9v\u00e9nements r\u00e9guliers.<\/p>\n<h3>Pourquoi pr\u00e9senter?<\/h3>\n<p>Pr\u00e9senter\u00a0\u00e0\u00a0WordCamp\u00a0requiert un certain effort, mais\u00a0c&#8217;est extr\u00eamement gratifiant.\u00a0\u00c7a vous permet de d\u00e9montrer votre savoir,\u00a0de vous\u00a0faire conna\u00eetre aupr\u00e8s des\u00a0entreprises et d&#8217;aider les gens \u00e0 approfondir leurs connaissances sur WordPress. Tout \u00e7a en m\u00eame temps!\u00a0Les conf\u00e9renciers\u00a0re\u00e7oivent \u00e9galement un acc\u00e8s gratuit \u00e0 WordCamp.<\/p>\n<h3>Qu&#8217;est-ce\u00a0que nous recherchons<\/h3>\n<p>Le\u00a0conf\u00e9rencier\u00a0id\u00e9al\u00a0a\u00a0un sujet reli\u00e9 \u00e0 WordPress\u00a0qui le\u00a0passionne vraiment\u00a0et sur lequel\u00a0il\u00a0peut pr\u00e9senter\u00a0pendant\u00a0<strong>45 minutes<\/strong> avec des <strong>diapositives PowerPoint\/Keynote<\/strong> attrayantes\u00a0et\u00a0des <strong>explications coh\u00e9rentes et d\u00e9taill\u00e9es<\/strong>.\u00a0Les concepteurs,\u00a0blogueurs,\u00a0entreprises\u00a0et programmeurs sont tous bienvenus!\u00a0Les pr\u00e9sentations\u00a0peuvent\u00a0\u00eatre\u00a0<strong>en\u00a0anglais\u00a0ou en fran\u00e7ais<\/strong>.\u00a0Votre\u00a0sujet doit \u00eatre\u00a0<strong>reli\u00e9 \u00e0\u00a0WordPress<\/strong>.<\/p>\n<p>Montrez-nous\u00a0ce que vous\u00a0avez\u00a0fait\u00a0avec\u00a0WordPress\u00a0et\u00a0expliquer nous\u00a0<em>comment<\/em> vous l&#8217;avez fait,\u00a0ou\u00a0ce que\u00a0vous avez appris\u00a0dans le\u00a0processus.\u00a0Donnez-nous\u00a0des <strong>exemples concrets<\/strong> comme\u00a0des extraits\u00a0de code,\u00a010\u00a0le\u00e7ons\u00a0importantes\u00a0que vous avez apprises,\u00a0des conseils\u00a0sur la fa\u00e7on\u00a0d&#8217;\u00e9viter\u00a0les probl\u00e8mes,\u00a0etc.\u00a0Rien n&#8217;est\u00a0trop\u00a0compliqu\u00e9 ou trop simple.\u00a0Nous\u00a0recherchons une grande vari\u00e9t\u00e9 de pr\u00e9sentations.<\/p>\n<p>Nous nous r\u00e9servons\u00a0le droit de\u00a0refuser\u00a0toute candidature.<\/p>\n<h3>Sujets g\u00e9n\u00e9raux<\/h3>\n<p>Les\u00a0sujets que nous\u00a0esp\u00e9rons\u00a0toucher incluent notamment:<\/p>\n<ul>\n<li>Utilisation de WordPress\u00a0pour bloguer\u00a0et\u00a0\u00e9crire<\/li>\n<li>Utilisation de WordPress\u00a0pour concevoir\u00a0et\u00a0construire des sites web<\/li>\n<li>Guides\u00a0sur\u00a0les technologies\u00a0sous-jacentes\u00a0web\u00a0(HTML, CSS, PHP, JavaScript)\u00a0qui sont n\u00e9cessaires\u00a0au d\u00e9veloppement sur WordPress<\/li>\n<li>D\u00e9veloppement d&#8217;extensions \u00e0 WordPress, contribution\u00a0au code de base\u00a0et administration de syst\u00e8mes<\/li>\n<\/ul>\n<p>Consulter\u00a0<a href=\"https:\/\/montreal.wordcamp.org\/2013-fr\/programme\/\">l&#8217;horaire de l&#8217;ann\u00e9e pr\u00e9c\u00e9dente<\/a> pour des exemples<\/p>\n<h3>Id\u00e9es de sujets<\/h3>\n<p>Voici une\u00a0liste\u00a0de\u00a0sujets\u00a0que nous\u00a0aimerions\u00a0voir\u00a0\u00e0 WordCamp.\u00a0Ce ne sont que\u00a0des exemples!<\/p>\n<h4>Usager\/Blogueur<\/h4>\n<ul>\n<li>Trouver\u00a0les extensions et\/ou th\u00e8mes parfaits<\/li>\n<li>HTML pour blogueurs<\/li>\n<li>Utilisation des th\u00e8mes enfant (&#8220;child themes&#8221;)<\/li>\n<li>Attirer\u00a0des lecteurs<\/li>\n<li>\u00c9crire pour le web<\/li>\n<li>\u00c9tudes\u00a0de cas<\/li>\n<\/ul>\n<h4>Concepteur\/Programmeur<\/h4>\n<ul>\n<li>Cr\u00e9ation de sites bilingues pour WordPress<\/li>\n<li>Conseils pour la conception de sites WordPress<\/li>\n<li>Trucs CSS pour WordPress<\/li>\n<li>\u00c9dition de th\u00e8mes et utilisation de tags de templates.<\/li>\n<li>Creation d&#8217;extensions (introduction ou en d\u00e9tail)<\/li>\n<li>Publication et\/ou vente de th\u00e8mes<\/li>\n<li>Les implications de la licence GPL ou de Logiciel Libre\u00a0pour les th\u00e8mes et plugins WordPress<\/li>\n<li>Introduction \u00e0 Apache et \u00e0 l&#8217;optimisation MySQL<\/li>\n<\/ul>\n<p><img data-recalc-dims=\"1\" loading=\"lazy\" decoding=\"async\" class=\"alignnone size-full wp-image-162761\" src=\"https:\/\/i0.wp.com\/montreal.wordcamp.org\/2014\/files\/2014\/05\/WPMTL2013_152_banner.jpg?resize=720%2C288&#038;ssl=1\" alt=\"WordCamp panelists\" width=\"720\" height=\"288\" \/><\/p>\n<p class=\"photocap\">Photo: <a href=\"http:\/\/elida.ca\">Elida Arrizza<\/a><\/p>\n","protected":false},"excerpt":{"rendered":"<p>Veuillez d\u00e9rouler pour la version fran\u00e7aise. Photo: Mimi Zhou Become a WordCamp Speaker Each year WordCamp Montreal strives to offer a wide variety of talks and discussions about WordPress. We are looking for people who are excited about WordPress to entertain our attendees and teach them new things. APPLYING TO SPEAK We only accept speaking applications in the months leading up to WordCamp, so at &hellip; <a href=\"https:\/\/wpmtl.org\/en\/wordcamp\/become-a-speaker\/\" class=\"more-link\">Continue reading <span class=\"screen-reader-text\">Speak at WordCamp<\/span><\/a><\/p>\n","protected":false},"author":15,"featured_media":2941,"parent":2584,"menu_order":1,"comment_status":"closed","ping_status":"closed","template":"","meta":{"jetpack_post_was_ever_published":false,"footnotes":""},"tags":[],"class_list":["post-1190","page","type-page","status-publish","has-post-thumbnail","hentry"],"jetpack_sharing_enabled":true,"jetpack_shortlink":"https:\/\/wp.me\/P9prEZ-jc","jetpack_likes_enabled":true,"jetpack-related-posts":[{"id":2584,"url":"https:\/\/wpmtl.org\/en\/wordcamp\/","url_meta":{"origin":1190,"position":0},"title":"WordCamp Montreal","author":"jeremyclarke","date":"9 October, 2015","format":false,"excerpt":"About WordCamp Montreal WordCamp Montreal is a conference about the world's most popular blogging and CMS software, WordPress. Developers, designers, and bloggers will come together for WordPress-related talks, workshops and networking. WordCamps are held across the world, wherever there are enough users of the software to self-organize. The WordCamp.org site\u2026","rel":"","context":"In \"featured\"","block_context":{"text":"featured","link":"https:\/\/wpmtl.org\/en\/tag\/featured\/"},"img":{"alt_text":"WordCamp Montreal","src":"https:\/\/i0.wp.com\/wpmtl.org\/wp-content\/uploads\/2017\/11\/WordPress-Montreal-01.jpg?fit=1200%2C817&ssl=1&resize=350%2C200","width":350,"height":200,"srcset":"https:\/\/i0.wp.com\/wpmtl.org\/wp-content\/uploads\/2017\/11\/WordPress-Montreal-01.jpg?fit=1200%2C817&ssl=1&resize=350%2C200 1x, https:\/\/i0.wp.com\/wpmtl.org\/wp-content\/uploads\/2017\/11\/WordPress-Montreal-01.jpg?fit=1200%2C817&ssl=1&resize=525%2C300 1.5x, https:\/\/i0.wp.com\/wpmtl.org\/wp-content\/uploads\/2017\/11\/WordPress-Montreal-01.jpg?fit=1200%2C817&ssl=1&resize=700%2C400 2x, https:\/\/i0.wp.com\/wpmtl.org\/wp-content\/uploads\/2017\/11\/WordPress-Montreal-01.jpg?fit=1200%2C817&ssl=1&resize=1050%2C600 3x"},"classes":[]},{"id":2701,"url":"https:\/\/wpmtl.org\/en\/wordcamp\/wordcamp-2009-archive-2\/","url_meta":{"origin":1190,"position":1},"title":"WordCamp Montreal 2009 Archive","author":"jeremyclarke","date":"2 March, 2011","format":false,"excerpt":"WordCamp Montr\u00e9al 2009 was our first event and by all accounts it was a great success. It took place in July 2009 at the SAT, and had over 170 participants attending the two days of activity. WordCamp 2009 was organized by Sylvain Carle and Jeremy Clarke. We had several big\u2026","rel":"","context":"Similar post","block_context":{"text":"Similar post","link":""},"img":{"alt_text":"","src":"","width":0,"height":0},"classes":[]},{"id":2696,"url":"https:\/\/wpmtl.org\/en\/wordcamp\/wordcamp-2010-archive\/","url_meta":{"origin":1190,"position":2},"title":"WordCamp Montreal 2010 Archive","author":"jeremyclarke","date":"2 March, 2011","format":false,"excerpt":"WordCamp Montreal 2010 was our second annual event and was by all measurements a huge success. We had about 200 people attend the 2-day conference, they enjoyed our 21 presentations about all aspects of wordpress, catered lunches both days, random but awesome raffle prizes and afterparty the first night. WordCamp\u2026","rel":"","context":"Similar post","block_context":{"text":"Similar post","link":""},"img":{"alt_text":"","src":"https:\/\/i0.wp.com\/wpmtl.org\/wp-content\/uploads\/2011\/03\/microsoft-215-transparent.png?resize=350%2C200&ssl=1","width":350,"height":200},"classes":[]},{"id":53,"url":"https:\/\/wpmtl.org\/en\/wordcamp\/sponsors\/","url_meta":{"origin":1190,"position":3},"title":"Sponsor WordCamp","author":"jeremyclarke","date":"21 May, 2009","format":false,"excerpt":"Veuillez d\u00e9rouler pour la version fran\u00e7aise. How to Become A Sponsor For businesses looking to break into the web scene, and especially those looking to hire professionals skilled in WordPress, this is the ideal way to reach your audience and accrue good will at the same time. Sponsors\u2019 names and\u2026","rel":"","context":"Similar post","block_context":{"text":"Similar post","link":""},"img":{"alt_text":"sponsors \/ commanditaires","src":"https:\/\/i0.wp.com\/wpmtl.org\/wp-content\/uploads\/2009\/05\/laptop-sponsors-crop.jpg?fit=1200%2C431&ssl=1&resize=350%2C200","width":350,"height":200,"srcset":"https:\/\/i0.wp.com\/wpmtl.org\/wp-content\/uploads\/2009\/05\/laptop-sponsors-crop.jpg?fit=1200%2C431&ssl=1&resize=350%2C200 1x, https:\/\/i0.wp.com\/wpmtl.org\/wp-content\/uploads\/2009\/05\/laptop-sponsors-crop.jpg?fit=1200%2C431&ssl=1&resize=525%2C300 1.5x, https:\/\/i0.wp.com\/wpmtl.org\/wp-content\/uploads\/2009\/05\/laptop-sponsors-crop.jpg?fit=1200%2C431&ssl=1&resize=700%2C400 2x, https:\/\/i0.wp.com\/wpmtl.org\/wp-content\/uploads\/2009\/05\/laptop-sponsors-crop.jpg?fit=1200%2C431&ssl=1&resize=1050%2C600 3x"},"classes":[]},{"id":773,"url":"https:\/\/wpmtl.org\/en\/wordcamp\/volunteer\/","url_meta":{"origin":1190,"position":4},"title":"Volunteer at WordCamp","author":"jeremyclarke","date":"5 July, 2009","format":false,"excerpt":"Veuillez d\u00e9rouler pour la version fran\u00e7aise. Photo: Elida Arrizza How to Become a WordCamp Volunteer WordCamp Montr\u00e9al remains an affordable and independent event because of the important work done by our volunteers. Help us make this year the best WordCamp ever! We\u2019re always hearing from excited people who want to\u2026","rel":"","context":"Similar post","block_context":{"text":"Similar post","link":""},"img":{"alt_text":"camera","src":"https:\/\/i0.wp.com\/wpmtl.org\/wp-content\/uploads\/2009\/07\/camera-volunteer-crop1.jpg?fit=1000%2C345&ssl=1&resize=350%2C200","width":350,"height":200,"srcset":"https:\/\/i0.wp.com\/wpmtl.org\/wp-content\/uploads\/2009\/07\/camera-volunteer-crop1.jpg?fit=1000%2C345&ssl=1&resize=350%2C200 1x, https:\/\/i0.wp.com\/wpmtl.org\/wp-content\/uploads\/2009\/07\/camera-volunteer-crop1.jpg?fit=1000%2C345&ssl=1&resize=525%2C300 1.5x, https:\/\/i0.wp.com\/wpmtl.org\/wp-content\/uploads\/2009\/07\/camera-volunteer-crop1.jpg?fit=1000%2C345&ssl=1&resize=700%2C400 2x"},"classes":[]},{"id":2724,"url":"https:\/\/wpmtl.org\/en\/about-wpmtl-org\/","url_meta":{"origin":1190,"position":5},"title":"About the Montreal WordPress Community","author":"jeremyclarke","date":"3 March, 2016","format":false,"excerpt":"About wpmtl.org wpmtl.org\u00a0is the permanent home\u00a0for the Montreal WordPress community (wpmtl.org\u00a0stands for WordPress Montr\u00e9al). We regularly post information about our various meetups, annual WordCamp Montr\u00e9al, and other special events. To get the most up-to-date information about our events, please join our meetup group. About wcmtl.org WordCamp Montreal is an annual\u2026","rel":"","context":"In \"featured\"","block_context":{"text":"featured","link":"https:\/\/wpmtl.org\/en\/tag\/featured\/"},"img":{"alt_text":"WordPress people","src":"https:\/\/i0.wp.com\/wpmtl.org\/wp-content\/uploads\/2017\/11\/WordPress-Montreal-08.jpg?fit=1200%2C797&ssl=1&resize=350%2C200","width":350,"height":200,"srcset":"https:\/\/i0.wp.com\/wpmtl.org\/wp-content\/uploads\/2017\/11\/WordPress-Montreal-08.jpg?fit=1200%2C797&ssl=1&resize=350%2C200 1x, https:\/\/i0.wp.com\/wpmtl.org\/wp-content\/uploads\/2017\/11\/WordPress-Montreal-08.jpg?fit=1200%2C797&ssl=1&resize=525%2C300 1.5x, https:\/\/i0.wp.com\/wpmtl.org\/wp-content\/uploads\/2017\/11\/WordPress-Montreal-08.jpg?fit=1200%2C797&ssl=1&resize=700%2C400 2x, https:\/\/i0.wp.com\/wpmtl.org\/wp-content\/uploads\/2017\/11\/WordPress-Montreal-08.jpg?fit=1200%2C797&ssl=1&resize=1050%2C600 3x"},"classes":[]}],"_links":{"self":[{"href":"https:\/\/wpmtl.org\/en\/wp-json\/wp\/v2\/pages\/1190","targetHints":{"allow":["GET"]}}],"collection":[{"href":"https:\/\/wpmtl.org\/en\/wp-json\/wp\/v2\/pages"}],"about":[{"href":"https:\/\/wpmtl.org\/en\/wp-json\/wp\/v2\/types\/page"}],"author":[{"embeddable":true,"href":"https:\/\/wpmtl.org\/en\/wp-json\/wp\/v2\/users\/15"}],"replies":[{"embeddable":true,"href":"https:\/\/wpmtl.org\/en\/wp-json\/wp\/v2\/comments?post=1190"}],"version-history":[{"count":7,"href":"https:\/\/wpmtl.org\/en\/wp-json\/wp\/v2\/pages\/1190\/revisions"}],"predecessor-version":[{"id":7666,"href":"https:\/\/wpmtl.org\/en\/wp-json\/wp\/v2\/pages\/1190\/revisions\/7666"}],"up":[{"embeddable":true,"href":"https:\/\/wpmtl.org\/en\/wp-json\/wp\/v2\/pages\/2584"}],"wp:featuredmedia":[{"embeddable":true,"href":"https:\/\/wpmtl.org\/en\/wp-json\/wp\/v2\/media\/2941"}],"wp:attachment":[{"href":"https:\/\/wpmtl.org\/en\/wp-json\/wp\/v2\/media?parent=1190"}],"wp:term":[{"taxonomy":"post_tag","embeddable":true,"href":"https:\/\/wpmtl.org\/en\/wp-json\/wp\/v2\/tags?post=1190"}],"curies":[{"name":"wp","href":"https:\/\/api.w.org\/{rel}","templated":true}]}}