{"id":2911,"date":"2014-09-30T23:57:54","date_gmt":"2014-10-01T03:57:54","guid":{"rendered":"http:\/\/wpmtl.org\/?page_id=2911"},"modified":"2024-06-20T22:53:50","modified_gmt":"2024-06-21T02:53:50","slug":"organizers","status":"publish","type":"page","link":"https:\/\/wpmtl.org\/en\/about-wpmtl-org\/organizers\/","title":{"rendered":"Organizers"},"content":{"rendered":"<p>The Montreal WordPress Community includes as many people as possible in our decisions, however the core responsibilities tend to fall in the hands of a few key organizers who make sure that all the work gets done.<br \/>\nWordCamp Montreal is a community-run event that includes as many people as possible in our decisions, but the core responsibilities tend to fall in the hands of a few key organizers who make sure that all the work gets done.<\/p>\n<h3><a href=\"https:\/\/carlalexander.ca\/\" target=\"_blank\" rel=\"noopener noreferrer\"><br \/>\nCarl Alexander<\/a><a href=\"https:\/\/carlalexander.ca\/\" target=\"_blank\" rel=\"noopener noreferrer\"><img data-recalc-dims=\"1\" loading=\"lazy\" decoding=\"async\" class=\"alignleft\" src=\"https:\/\/i0.wp.com\/montreal.wordcamp.org\/2017\/files\/2016\/12\/carl-300x300.jpg?resize=300%2C300&#038;ssl=1\" alt=\"Carl Alexander Headshot\" width=\"300\" height=\"300\" \/><\/a><\/h3>\n<p><a href=\"https:\/\/x.com\/twigpress\" target=\"_blank\" rel=\"noopener noreferrer\">@twigpress<\/a><\/p>\n<div>\n<div>\n<p>Carl Alexander is a PHP developer that loves learning about advanced technology topics. Besides helping with WordCamp Montreal, he organizes the other WordPress events during the rest of the year. His other interests lie with nutrition and sports science, weight training and, most importantly, video games.<\/p>\n<\/div>\n<p>&nbsp;<\/p>\n<\/div>\n<div>\n<h3><a href=\"https:\/\/www.moimessouliers.org\/\"><img data-recalc-dims=\"1\" loading=\"lazy\" decoding=\"async\" class=\"alignleft\" src=\"https:\/\/i0.wp.com\/montreal.wordcamp.org\/2017\/files\/2016\/12\/Jennifer_Dore_Dallas-copy.jpg?resize=300%2C300&#038;ssl=1\" alt=\"Jennifer Dor\u00e9-Dallas Headshot\" width=\"300\" height=\"300\" \/>Jennifer Dor\u00e9-Dallas<\/a><\/h3>\n<p><a href=\"https:\/\/x.com\/moimessouliers\">@moimessouliers<\/a><\/p>\n<p>Jennifer is a travel blogger at\u00a0<a href=\"https:\/\/www.moimessouliers.org\/\">moimessouliers.org<\/a>\u00a0and a freelance writer. She&#8217;s also a self-employed copywriter and translator. She gives presentations and trainings on technology and travel.<\/p>\n<p>&nbsp;<\/p>\n<\/div>\n<div>\n<div>\n<h3><a href=\"https:\/\/alexruaux.com\/\" target=\"_blank\" rel=\"noopener noreferrer\"><br \/>\nAlex Ruaux<\/a><a href=\"https:\/\/alexruaux.com\/\" target=\"_blank\" rel=\"noopener noreferrer\"><img data-recalc-dims=\"1\" loading=\"lazy\" decoding=\"async\" class=\"alignleft\" src=\"https:\/\/i0.wp.com\/montreal.wordcamp.org\/2017\/files\/2016\/12\/alex-300x300.jpg?resize=300%2C300&#038;ssl=1\" alt=\"Alex Ruaux Headshot\" width=\"300\" height=\"300\" \/><\/a><\/h3>\n<p><a href=\"https:\/\/x.com\/molecularcode\" target=\"_blank\" rel=\"noopener noreferrer\">@molecularcode<\/a><\/p>\n<p>Alex is a front-end developer with Ask PAM and freelancer at Molecularcode Web Design. She is also a regular instructor and mentor at Ladies Learning Code events. After a recent career shift herself, she enjoys giving back to the communities that helped support her. Aside from developing websites, her passions lie with 3D printing, gaming and enjoying the outdoors.<\/p>\n<\/div>\n<\/div>\n<div>\n<div>\n<h3><a href=\"https:\/\/andreazoellner.com\/\" target=\"_blank\" rel=\"noopener noreferrer\"><br \/>\n<img data-recalc-dims=\"1\" loading=\"lazy\" decoding=\"async\" class=\"alignleft\" src=\"https:\/\/i0.wp.com\/montreal.wordcamp.org\/2017\/files\/2017\/04\/andrea_z-300x300.png?resize=300%2C300&#038;ssl=1\" alt=\"andrea zoellner headshot\" width=\"300\" height=\"300\" \/>Andrea Zoellner<\/a><\/h3>\n<p><a href=\"https:\/\/x.com\/andreazoellner\" target=\"_blank\" rel=\"noopener noreferrer\">@andreazoellner<\/a><\/p>\n<\/div>\n<\/div>\n<p>Andrea is a\u00a0freelance copywriter and a content consultant at Automattic. She&#8217;s helped\u00a0nonprofits, startups, schools, and big corporations improve their websites through the power of good content. She loves wordplay, coffee shop hopping, and blogging about how to\u00a0pack the <a href=\"https:\/\/capsulesuitcase.com\/\">ultimate carry-on<\/a>.<\/p>\n<p>&nbsp;<\/p>\n<p>A special thank you to <a href=\"https:\/\/kpresner.com\/\">Kathryn Presner<\/a>, an honorary member who is always helping us out!<\/p>\n<hr \/>\n<h2>Previous Organizers<\/h2>\n<p>We\u2019d also like to thank the organizers of previous editions of WordCamp Montreal for their hard work.<\/p>\n<p>WordCamp Montr\u00e9al 2009<br \/>\n<a href=\"http:\/\/simianuprising.com\/\" target=\"_blank\" rel=\"noopener noreferrer\">Jeremy Clarke<\/a> &amp; <a href=\"https:\/\/www.afroginthevalley.com\/\" target=\"_blank\" rel=\"noopener noreferrer\">Sylvain Carle<\/a><\/p>\n<p>WordCamp Montr\u00e9al 2010<br \/>\n<a href=\"http:\/\/simianuprising.com\/\" target=\"_blank\" rel=\"noopener noreferrer\">Jeremy Clarke<\/a>, <a href=\"http:\/\/www.cafenoirdesign.com\/\">Shannon Smith<\/a> &amp; <a href=\"https:\/\/www.horseandcartagency.com\/\" target=\"_blank\" rel=\"noopener noreferrer\">Brendan Sera-Shriar<\/a><\/p>\n<p>WordCamp Montr\u00e9al 2011 &amp; 2012<br \/>\n<a href=\"http:\/\/simianuprising.com\/\" target=\"_blank\" rel=\"noopener noreferrer\">Jeremy Clarke<\/a>, <a href=\"http:\/\/www.cafenoirdesign.com\/\" target=\"_blank\" rel=\"noopener noreferrer\">Shannon Smith<\/a>, <a href=\"https:\/\/www.horseandcartagency.com\/\" target=\"_blank\" rel=\"noopener noreferrer\">Brendan Sera-Shriar<\/a>, &amp; <a href=\"https:\/\/carlalexander.ca\/\">Carl Alexander<\/a>.<\/p>\n<p>WordCamp Montr\u00e9al 2013<br \/>\n<a href=\"http:\/\/simianuprising.com\/\" target=\"_blank\" rel=\"noopener noreferrer\">Jeremy Clarke<\/a>, <a href=\"http:\/\/www.cafenoirdesign.com\/\" target=\"_blank\" rel=\"noopener noreferrer\">Shannon Smith<\/a>, <a href=\"https:\/\/carlalexander.ca\/\" target=\"_blank\" rel=\"noopener noreferrer\">Carl Alexander<\/a>, <a href=\"https:\/\/alexruaux.com\/\" target=\"_blank\" rel=\"noopener noreferrer\">Alex Ruaux<\/a>, <a href=\"https:\/\/richardmtl.ca\/\" target=\"_blank\" rel=\"noopener noreferrer\">Richard Archambault<\/a>, &amp; <a href=\"https:\/\/kwight.ca\/\" target=\"_blank\" rel=\"noopener noreferrer\">Kirk Wight<\/a>.<\/p>\n<p>WordCamp Montr\u00e9al 2014<br \/>\n<a href=\"http:\/\/simianuprising.com\/\" target=\"_blank\" rel=\"noopener noreferrer\">Jeremy Clarke<\/a>, <a href=\"http:\/\/www.cafenoirdesign.com\/\" target=\"_blank\" rel=\"noopener noreferrer\">Shannon Smith<\/a>, <a href=\"https:\/\/carlalexander.ca\/\" target=\"_blank\" rel=\"noopener noreferrer\">Carl Alexander<\/a>, <a href=\"https:\/\/alexruaux.com\/\" target=\"_blank\" rel=\"noopener noreferrer\">Alex Ruaux<\/a>, &amp;\u00a0<a href=\"https:\/\/richardmtl.ca\/\" target=\"_blank\" rel=\"noopener noreferrer\">Richard Archambault<\/a>.<\/p>\n<p>WordCamp Montr\u00e9al 2015<br \/>\n<a href=\"http:\/\/www.cafenoirdesign.com\/\" target=\"_blank\" rel=\"noopener noreferrer\">Shannon Smith<\/a>, <a href=\"https:\/\/carlalexander.ca\/\" target=\"_blank\" rel=\"noopener noreferrer\">Carl Alexander<\/a>, <a href=\"https:\/\/alexruaux.com\/\" target=\"_blank\" rel=\"noopener noreferrer\">Alex Ruaux<\/a>, <a href=\"https:\/\/www.unmakingboxes.com\/\" target=\"_blank\" rel=\"noopener noreferrer\">Veronica Louis <\/a>&amp;\u00a0<a href=\"https:\/\/richardmtl.ca\/\" target=\"_blank\" rel=\"noopener noreferrer\">Richard Archambault.<\/a><\/p>\n<p>WordCamp Montr\u00e9al 2016<br \/>\n<a href=\"http:\/\/www.cafenoirdesign.com\/\" target=\"_blank\" rel=\"noopener noreferrer\">Shannon Smith<\/a>, <a href=\"https:\/\/carlalexander.ca\/\" target=\"_blank\" rel=\"noopener noreferrer\">Carl Alexander<\/a>, <a href=\"https:\/\/alexruaux.com\/\" target=\"_blank\" rel=\"noopener noreferrer\">Alex Ruaux<\/a>,\u00a0<a href=\"https:\/\/richardmtl.ca\/\" target=\"_blank\" rel=\"noopener noreferrer\">Richard Archambault<\/a>, and <a href=\"https:\/\/andreazoellner.com\/\">Andrea Zoellner<\/a>.<\/p>\n","protected":false},"excerpt":{"rendered":"<p>The Montreal WordPress Community includes as many people as possible in our decisions, however the core responsibilities tend to fall in the hands of a few key organizers who make sure that all the work gets done. WordCamp Montreal is a community-run event that includes as many people as possible in our decisions, but the core responsibilities tend to fall in the hands of a &hellip; <a href=\"https:\/\/wpmtl.org\/en\/about-wpmtl-org\/organizers\/\" class=\"more-link\">Continue reading <span class=\"screen-reader-text\">Organizers<\/span><\/a><\/p>\n","protected":false},"author":18,"featured_media":0,"parent":2724,"menu_order":0,"comment_status":"closed","ping_status":"closed","template":"","meta":{"footnotes":""},"tags":[],"class_list":["post-2911","page","type-page","status-publish","hentry"],"jetpack_sharing_enabled":true,"jetpack_shortlink":"https:\/\/wp.me\/P9prEZ-KX","jetpack_likes_enabled":true,"jetpack-related-posts":[{"id":2914,"url":"https:\/\/wpmtl.org\/en\/about-wpmtl-org\/code-of-conduct\/","url_meta":{"origin":2911,"position":0},"title":"Code of Conduct","author":"Shannon Smith","date":"1 October, 2011","format":false,"excerpt":"We adhere to the five WordPress meetup rules: WordPress Meetups are for the benefit of the WordPress community as a whole, not specific businesses or individuals. All actions taken as an event organizer are with the best interest of the community in mind. Membership in the local meetup group is\u2026","rel":"","context":"In \"featured\"","block_context":{"text":"featured","link":"https:\/\/wpmtl.org\/en\/tag\/featured\/"},"img":{"alt_text":"","src":"https:\/\/i0.wp.com\/wpmtl.org\/wp-content\/uploads\/2017\/11\/WordPress-Montreal-02.jpg?fit=1200%2C598&ssl=1&resize=350%2C200","width":350,"height":200,"srcset":"https:\/\/i0.wp.com\/wpmtl.org\/wp-content\/uploads\/2017\/11\/WordPress-Montreal-02.jpg?fit=1200%2C598&ssl=1&resize=350%2C200 1x, https:\/\/i0.wp.com\/wpmtl.org\/wp-content\/uploads\/2017\/11\/WordPress-Montreal-02.jpg?fit=1200%2C598&ssl=1&resize=525%2C300 1.5x, https:\/\/i0.wp.com\/wpmtl.org\/wp-content\/uploads\/2017\/11\/WordPress-Montreal-02.jpg?fit=1200%2C598&ssl=1&resize=700%2C400 2x, https:\/\/i0.wp.com\/wpmtl.org\/wp-content\/uploads\/2017\/11\/WordPress-Montreal-02.jpg?fit=1200%2C598&ssl=1&resize=1050%2C600 3x"},"classes":[]},{"id":2584,"url":"https:\/\/wpmtl.org\/en\/wordcamp\/","url_meta":{"origin":2911,"position":1},"title":"WordCamp Montreal","author":"jeremyclarke","date":"9 October, 2015","format":false,"excerpt":"About WordCamp Montreal WordCamp Montreal is a conference about the world's most popular blogging and CMS software, WordPress. Developers, designers, and bloggers will come together for WordPress-related talks, workshops and networking. WordCamps are held across the world, wherever there are enough users of the software to self-organize. The WordCamp.org site\u2026","rel":"","context":"In \"featured\"","block_context":{"text":"featured","link":"https:\/\/wpmtl.org\/en\/tag\/featured\/"},"img":{"alt_text":"WordCamp Montreal","src":"https:\/\/i0.wp.com\/wpmtl.org\/wp-content\/uploads\/2017\/11\/WordPress-Montreal-01.jpg?fit=1200%2C817&ssl=1&resize=350%2C200","width":350,"height":200,"srcset":"https:\/\/i0.wp.com\/wpmtl.org\/wp-content\/uploads\/2017\/11\/WordPress-Montreal-01.jpg?fit=1200%2C817&ssl=1&resize=350%2C200 1x, https:\/\/i0.wp.com\/wpmtl.org\/wp-content\/uploads\/2017\/11\/WordPress-Montreal-01.jpg?fit=1200%2C817&ssl=1&resize=525%2C300 1.5x, https:\/\/i0.wp.com\/wpmtl.org\/wp-content\/uploads\/2017\/11\/WordPress-Montreal-01.jpg?fit=1200%2C817&ssl=1&resize=700%2C400 2x, https:\/\/i0.wp.com\/wpmtl.org\/wp-content\/uploads\/2017\/11\/WordPress-Montreal-01.jpg?fit=1200%2C817&ssl=1&resize=1050%2C600 3x"},"classes":[]},{"id":1043,"url":"https:\/\/wpmtl.org\/en\/wordcamp\/wordcamp-2009-archive-2\/videos\/","url_meta":{"origin":2911,"position":2},"title":"Videos","author":"jeremyclarke","date":"29 July, 2009","format":false,"excerpt":"The videos below are from WordCamp Montreal 2009. We taped as many talks as possible but didn't get close to recording them all. We're using Blip.tv so you can subscribe to our channel in your favorite way to get updates (we'll also mention it now and then on twitter). This\u2026","rel":"","context":"Similar post","block_context":{"text":"Similar post","link":""},"img":{"alt_text":"","src":"","width":0,"height":0},"classes":[]},{"id":2696,"url":"https:\/\/wpmtl.org\/en\/wordcamp\/wordcamp-2010-archive\/","url_meta":{"origin":2911,"position":3},"title":"WordCamp Montreal 2010 Archive","author":"jeremyclarke","date":"2 March, 2011","format":false,"excerpt":"WordCamp Montreal 2010 was our second annual event and was by all measurements a huge success. We had about 200 people attend the 2-day conference, they enjoyed our 21 presentations about all aspects of wordpress, catered lunches both days, random but awesome raffle prizes and afterparty the first night. WordCamp\u2026","rel":"","context":"Similar post","block_context":{"text":"Similar post","link":""},"img":{"alt_text":"","src":"https:\/\/i0.wp.com\/wpmtl.org\/wp-content\/uploads\/2011\/03\/microsoft-215-transparent.png?resize=350%2C200&ssl=1","width":350,"height":200},"classes":[]},{"id":2701,"url":"https:\/\/wpmtl.org\/en\/wordcamp\/wordcamp-2009-archive-2\/","url_meta":{"origin":2911,"position":4},"title":"WordCamp Montreal 2009 Archive","author":"jeremyclarke","date":"2 March, 2011","format":false,"excerpt":"WordCamp Montr\u00e9al 2009 was our first event and by all accounts it was a great success. It took place in July 2009 at the SAT, and had over 170 participants attending the two days of activity. WordCamp 2009 was organized by Sylvain Carle and Jeremy Clarke. We had several big\u2026","rel":"","context":"Similar post","block_context":{"text":"Similar post","link":""},"img":{"alt_text":"","src":"","width":0,"height":0},"classes":[]},{"id":773,"url":"https:\/\/wpmtl.org\/en\/wordcamp\/volunteer\/","url_meta":{"origin":2911,"position":5},"title":"Volunteer at WordCamp","author":"jeremyclarke","date":"5 July, 2009","format":false,"excerpt":"Veuillez d\u00e9rouler pour la version fran\u00e7aise. Photo: Elida Arrizza How to Become a WordCamp Volunteer WordCamp Montr\u00e9al remains an affordable and independent event because of the important work done by our volunteers. Help us make this year the best WordCamp ever! We\u2019re always hearing from excited people who want to\u2026","rel":"","context":"Similar post","block_context":{"text":"Similar post","link":""},"img":{"alt_text":"camera","src":"https:\/\/i0.wp.com\/wpmtl.org\/wp-content\/uploads\/2009\/07\/camera-volunteer-crop1.jpg?fit=1000%2C345&ssl=1&resize=350%2C200","width":350,"height":200,"srcset":"https:\/\/i0.wp.com\/wpmtl.org\/wp-content\/uploads\/2009\/07\/camera-volunteer-crop1.jpg?fit=1000%2C345&ssl=1&resize=350%2C200 1x, https:\/\/i0.wp.com\/wpmtl.org\/wp-content\/uploads\/2009\/07\/camera-volunteer-crop1.jpg?fit=1000%2C345&ssl=1&resize=525%2C300 1.5x, https:\/\/i0.wp.com\/wpmtl.org\/wp-content\/uploads\/2009\/07\/camera-volunteer-crop1.jpg?fit=1000%2C345&ssl=1&resize=700%2C400 2x"},"classes":[]}],"_links":{"self":[{"href":"https:\/\/wpmtl.org\/en\/wp-json\/wp\/v2\/pages\/2911","targetHints":{"allow":["GET"]}}],"collection":[{"href":"https:\/\/wpmtl.org\/en\/wp-json\/wp\/v2\/pages"}],"about":[{"href":"https:\/\/wpmtl.org\/en\/wp-json\/wp\/v2\/types\/page"}],"author":[{"embeddable":true,"href":"https:\/\/wpmtl.org\/en\/wp-json\/wp\/v2\/users\/18"}],"replies":[{"embeddable":true,"href":"https:\/\/wpmtl.org\/en\/wp-json\/wp\/v2\/comments?post=2911"}],"version-history":[{"count":26,"href":"https:\/\/wpmtl.org\/en\/wp-json\/wp\/v2\/pages\/2911\/revisions"}],"predecessor-version":[{"id":8396,"href":"https:\/\/wpmtl.org\/en\/wp-json\/wp\/v2\/pages\/2911\/revisions\/8396"}],"up":[{"embeddable":true,"href":"https:\/\/wpmtl.org\/en\/wp-json\/wp\/v2\/pages\/2724"}],"wp:attachment":[{"href":"https:\/\/wpmtl.org\/en\/wp-json\/wp\/v2\/media?parent=2911"}],"wp:term":[{"taxonomy":"post_tag","embeddable":true,"href":"https:\/\/wpmtl.org\/en\/wp-json\/wp\/v2\/tags?post=2911"}],"curies":[{"name":"wp","href":"https:\/\/api.w.org\/{rel}","templated":true}]}}