{"id":53,"date":"2009-05-21T13:49:25","date_gmt":"2009-05-21T17:49:25","guid":{"rendered":"http:\/\/wordcampmontreal.org\/?page_id=53"},"modified":"2024-06-20T22:51:29","modified_gmt":"2024-06-21T02:51:29","slug":"sponsors","status":"publish","type":"page","link":"https:\/\/wpmtl.org\/en\/wordcamp\/sponsors\/","title":{"rendered":"Sponsor WordCamp"},"content":{"rendered":"<p><em>Veuillez d\u00e9rouler pour la version fran\u00e7aise.<\/em><\/p>\n<h2>How to Become A Sponsor<\/h2>\n<p>For businesses looking to break into the web scene, and especially those looking to hire professionals skilled in WordPress, this is the ideal way to reach your audience and accrue good will at the same time. Sponsors\u2019 names and links will be shown on the WordCamp Montreal website (wcmtl.org) in the sidebar and in more detail on the sponsors&#8217; page. Your logo will appear on our website at the aluminum level and above. We will also add your graphics onto printed materials at the silver level and above.<\/p>\n<h3>Sponsorship Levels<\/h3>\n<p>We are open-minded about any help you or your organization may want to provide for our events. Please <a title=\"Contact\" href=\"https:\/\/wpmtl.org\/contact\/\">contact us<\/a> if you have special ideas or you don&#8217;t feel you fit into the tiers\u00a0below.<\/p>\n<ul>\n<li><strong>$5,000\u00a0Gold Sponsor <\/strong><br \/>\nExtra-large logo everywhere and we&#8217;ll mention your pitch on stage.<\/li>\n<li><strong>$2,000\u00a0Silver Sponsor <\/strong><br \/>\nLarge logo everywhere and we&#8217;ll mention your pitch on stage.<\/li>\n<li><strong>$1,000 Bronze Sponsor <\/strong><br \/>\nMedium logo on website and if possible on merchandise.<\/li>\n<li><strong>$500 Aluminum Sponsor<\/strong><br \/>\nWe&#8217;ll work your logo in when possible and you&#8217;ll still get a chance to shine at the event.<\/li>\n<li><strong>$200 Microsponsor<\/strong><br \/>\n<em>*Note: Freelancers and tiny companies only<\/em>. Your name, but not logo will appear on our website.<\/li>\n<\/ul>\n<p>Note that we reserve the right to decline a sponsorship for any reason.<\/p>\n<p><strong>Please visit <a title=\"WordCamp Montreal\" href=\"https:\/\/montreal.wordcamp.org\/2023\/\">wcmtl.org<\/a>, to see if we are currently accepting sponsors.<\/strong><\/p>\n<p>______________________________________________________<\/p>\n<h2 id=\"fr\">Comment devenir\u00a0commanditaire<\/h2>\n<p>Les entreprises d\u00e9sirant se faire conna\u00eetre dans le monde du web, surtout aupr\u00e8s des experts WordPress, on acc\u00e8s \u00e0 une fa\u00e7on id\u00e9ale de se rapprocher de ceux-ci tout en participant \u00e0 un \u00e9v\u00e8nement de qualit\u00e9. Les noms et liens des commanditaires seront affich\u00e9s sur le site Web de WordCamp Montr\u00e9al dans la colonne de droite, et plus de d\u00e9tail sur leur entreprise sera disponible sur la page des commanditaires. Les logos seront ajout\u00e9s \u00e0 notre site au niveau aluminum et sup\u00e9rieur. Nous ajouterons \u00e9galement votre logo sur notre mat\u00e9riel imprim\u00e9 au niveau argent et sup\u00e9rieur.<\/p>\n<h3>Niveaux de commandites<\/h3>\n<p>Nous sommes ouverts \u00e0 toutes les formes d\u2019aide que votre organisation pourrait apporter \u00e0 notre \u00e9v\u00e9nement. Veuillez <a title=\"Contact\" href=\"https:\/\/wpmtl.org\/contact\/\">communiquer avec nous<\/a> si vous avez des id\u00e9es particuli\u00e8res ou que vous ne pensez pas correspondre \u00e0 l\u2019une des cat\u00e9gories ci-dessous\u00a0:<\/p>\n<ul>\n<li><strong>5\u00a0000$<\/strong> <strong>Commanditaire or<\/strong><br \/>\nTr\u00e8s\u00a0Grand logo partout et mention de votre slogan sur sc\u00e8ne<strong>.<\/strong><\/li>\n<li><strong>2 000$ Commanditaire argent<\/strong><br \/>\nGrand logo sur le site web et\u00a0et mention de<strong>\u00a0<\/strong>votre slogan sur sc\u00e8ne<strong>.<\/strong><\/li>\n<li><strong>1\u00a0000$ Commanditaire bronze<\/strong><br \/>\nLogo moyen sur le site web et si possible sur le mat\u00e9riel promotionnel.<\/li>\n<li><strong>500$ Commanditaire aluminium<\/strong><br \/>\nOn tentera d\u2019int\u00e9grer votre logo l\u00e0 o\u00f9 c\u2019est possible et on vous donnera une occasion de briller lors de l\u2019\u00e9v\u00e9nement.<\/li>\n<li><strong>200$ Microcommanditaires<\/strong><br \/>\n<em>Pour les pigistes et tr\u00e8s petites entreprises uniquement.<\/em> On tentera d\u2019int\u00e9grer votre logo l\u00e0 o\u00f9 c\u2019est possible et on vous donnera une occasion de briller lors de l\u2019\u00e9v\u00e9nement.<\/li>\n<\/ul>\n<p>Veuillez noter que nous conservons le droit de refuser toute commandite.<\/p>\n<p><strong>Veuillez visiter <a href=\"https:\/\/montreal.wordcamp.org\/2023\/\">wcmtl.org<\/a> pour savoir si nous sommes actuellement \u00e0 la recherche de commanditaires.<\/strong><\/p>\n","protected":false},"excerpt":{"rendered":"<p>Veuillez d\u00e9rouler pour la version fran\u00e7aise. How to Become A Sponsor For businesses looking to break into the web scene, and especially those looking to hire professionals skilled in WordPress, this is the ideal way to reach your audience and accrue good will at the same time. Sponsors\u2019 names and links will be shown on the WordCamp Montreal website (wcmtl.org) in the sidebar and in &hellip; <a href=\"https:\/\/wpmtl.org\/en\/wordcamp\/sponsors\/\" class=\"more-link\">Continue reading <span class=\"screen-reader-text\">Sponsor WordCamp<\/span><\/a><\/p>\n","protected":false},"author":15,"featured_media":2943,"parent":2584,"menu_order":3,"comment_status":"closed","ping_status":"closed","template":"","meta":{"jetpack_post_was_ever_published":false,"footnotes":""},"tags":[],"class_list":["post-53","page","type-page","status-publish","has-post-thumbnail","hentry"],"jetpack_sharing_enabled":true,"jetpack_shortlink":"https:\/\/wp.me\/P9prEZ-R","jetpack_likes_enabled":true,"jetpack-related-posts":[{"id":2914,"url":"https:\/\/wpmtl.org\/en\/about-wpmtl-org\/code-of-conduct\/","url_meta":{"origin":53,"position":0},"title":"Code of Conduct","author":"Shannon Smith","date":"1 October, 2011","format":false,"excerpt":"We adhere to the five WordPress meetup rules: WordPress Meetups are for the benefit of the WordPress community as a whole, not specific businesses or individuals. All actions taken as an event organizer are with the best interest of the community in mind. Membership in the local meetup group is\u2026","rel":"","context":"In \"featured\"","block_context":{"text":"featured","link":"https:\/\/wpmtl.org\/en\/tag\/featured\/"},"img":{"alt_text":"","src":"https:\/\/i0.wp.com\/wpmtl.org\/wp-content\/uploads\/2017\/11\/WordPress-Montreal-02.jpg?fit=1200%2C598&ssl=1&resize=350%2C200","width":350,"height":200,"srcset":"https:\/\/i0.wp.com\/wpmtl.org\/wp-content\/uploads\/2017\/11\/WordPress-Montreal-02.jpg?fit=1200%2C598&ssl=1&resize=350%2C200 1x, https:\/\/i0.wp.com\/wpmtl.org\/wp-content\/uploads\/2017\/11\/WordPress-Montreal-02.jpg?fit=1200%2C598&ssl=1&resize=525%2C300 1.5x, https:\/\/i0.wp.com\/wpmtl.org\/wp-content\/uploads\/2017\/11\/WordPress-Montreal-02.jpg?fit=1200%2C598&ssl=1&resize=700%2C400 2x, https:\/\/i0.wp.com\/wpmtl.org\/wp-content\/uploads\/2017\/11\/WordPress-Montreal-02.jpg?fit=1200%2C598&ssl=1&resize=1050%2C600 3x"},"classes":[]},{"id":2696,"url":"https:\/\/wpmtl.org\/en\/wordcamp\/wordcamp-2010-archive\/","url_meta":{"origin":53,"position":1},"title":"WordCamp Montreal 2010 Archive","author":"jeremyclarke","date":"2 March, 2011","format":false,"excerpt":"WordCamp Montreal 2010 was our second annual event and was by all measurements a huge success. We had about 200 people attend the 2-day conference, they enjoyed our 21 presentations about all aspects of wordpress, catered lunches both days, random but awesome raffle prizes and afterparty the first night. WordCamp\u2026","rel":"","context":"Similar post","block_context":{"text":"Similar post","link":""},"img":{"alt_text":"","src":"https:\/\/i0.wp.com\/wpmtl.org\/wp-content\/uploads\/2011\/03\/microsoft-215-transparent.png?resize=350%2C200&ssl=1","width":350,"height":200},"classes":[]},{"id":2701,"url":"https:\/\/wpmtl.org\/en\/wordcamp\/wordcamp-2009-archive-2\/","url_meta":{"origin":53,"position":2},"title":"WordCamp Montreal 2009 Archive","author":"jeremyclarke","date":"2 March, 2011","format":false,"excerpt":"WordCamp Montr\u00e9al 2009 was our first event and by all accounts it was a great success. It took place in July 2009 at the SAT, and had over 170 participants attending the two days of activity. WordCamp 2009 was organized by Sylvain Carle and Jeremy Clarke. We had several big\u2026","rel":"","context":"Similar post","block_context":{"text":"Similar post","link":""},"img":{"alt_text":"","src":"","width":0,"height":0},"classes":[]},{"id":1190,"url":"https:\/\/wpmtl.org\/en\/wordcamp\/become-a-speaker\/","url_meta":{"origin":53,"position":3},"title":"Speak at WordCamp","author":"jeremyclarke","date":"30 June, 2010","format":false,"excerpt":"Veuillez d\u00e9rouler pour la version fran\u00e7aise. Photo: Mimi Zhou Become a WordCamp Speaker Each year WordCamp Montreal strives to offer a wide variety of talks and discussions about WordPress. We are looking for people who are excited about WordPress to entertain our attendees and teach them new things. APPLYING TO\u2026","rel":"","context":"Similar post","block_context":{"text":"Similar post","link":""},"img":{"alt_text":"\u00c9lise Desauliniers","src":"https:\/\/i0.wp.com\/wpmtl.org\/wp-content\/uploads\/2010\/06\/elise-crop.jpg?fit=1200%2C493&ssl=1&resize=350%2C200","width":350,"height":200,"srcset":"https:\/\/i0.wp.com\/wpmtl.org\/wp-content\/uploads\/2010\/06\/elise-crop.jpg?fit=1200%2C493&ssl=1&resize=350%2C200 1x, https:\/\/i0.wp.com\/wpmtl.org\/wp-content\/uploads\/2010\/06\/elise-crop.jpg?fit=1200%2C493&ssl=1&resize=525%2C300 1.5x, https:\/\/i0.wp.com\/wpmtl.org\/wp-content\/uploads\/2010\/06\/elise-crop.jpg?fit=1200%2C493&ssl=1&resize=700%2C400 2x, https:\/\/i0.wp.com\/wpmtl.org\/wp-content\/uploads\/2010\/06\/elise-crop.jpg?fit=1200%2C493&ssl=1&resize=1050%2C600 3x"},"classes":[]},{"id":2584,"url":"https:\/\/wpmtl.org\/en\/wordcamp\/","url_meta":{"origin":53,"position":4},"title":"WordCamp Montreal","author":"jeremyclarke","date":"9 October, 2015","format":false,"excerpt":"About WordCamp Montreal WordCamp Montreal is a conference about the world's most popular blogging and CMS software, WordPress. Developers, designers, and bloggers will come together for WordPress-related talks, workshops and networking. WordCamps are held across the world, wherever there are enough users of the software to self-organize. The WordCamp.org site\u2026","rel":"","context":"In \"featured\"","block_context":{"text":"featured","link":"https:\/\/wpmtl.org\/en\/tag\/featured\/"},"img":{"alt_text":"WordCamp Montreal","src":"https:\/\/i0.wp.com\/wpmtl.org\/wp-content\/uploads\/2017\/11\/WordPress-Montreal-01.jpg?fit=1200%2C817&ssl=1&resize=350%2C200","width":350,"height":200,"srcset":"https:\/\/i0.wp.com\/wpmtl.org\/wp-content\/uploads\/2017\/11\/WordPress-Montreal-01.jpg?fit=1200%2C817&ssl=1&resize=350%2C200 1x, https:\/\/i0.wp.com\/wpmtl.org\/wp-content\/uploads\/2017\/11\/WordPress-Montreal-01.jpg?fit=1200%2C817&ssl=1&resize=525%2C300 1.5x, https:\/\/i0.wp.com\/wpmtl.org\/wp-content\/uploads\/2017\/11\/WordPress-Montreal-01.jpg?fit=1200%2C817&ssl=1&resize=700%2C400 2x, https:\/\/i0.wp.com\/wpmtl.org\/wp-content\/uploads\/2017\/11\/WordPress-Montreal-01.jpg?fit=1200%2C817&ssl=1&resize=1050%2C600 3x"},"classes":[]},{"id":1043,"url":"https:\/\/wpmtl.org\/en\/wordcamp\/wordcamp-2009-archive-2\/videos\/","url_meta":{"origin":53,"position":5},"title":"Videos","author":"jeremyclarke","date":"29 July, 2009","format":false,"excerpt":"The videos below are from WordCamp Montreal 2009. We taped as many talks as possible but didn't get close to recording them all. We're using Blip.tv so you can subscribe to our channel in your favorite way to get updates (we'll also mention it now and then on twitter). This\u2026","rel":"","context":"Similar post","block_context":{"text":"Similar post","link":""},"img":{"alt_text":"","src":"","width":0,"height":0},"classes":[]}],"_links":{"self":[{"href":"https:\/\/wpmtl.org\/en\/wp-json\/wp\/v2\/pages\/53","targetHints":{"allow":["GET"]}}],"collection":[{"href":"https:\/\/wpmtl.org\/en\/wp-json\/wp\/v2\/pages"}],"about":[{"href":"https:\/\/wpmtl.org\/en\/wp-json\/wp\/v2\/types\/page"}],"author":[{"embeddable":true,"href":"https:\/\/wpmtl.org\/en\/wp-json\/wp\/v2\/users\/15"}],"replies":[{"embeddable":true,"href":"https:\/\/wpmtl.org\/en\/wp-json\/wp\/v2\/comments?post=53"}],"version-history":[{"count":2,"href":"https:\/\/wpmtl.org\/en\/wp-json\/wp\/v2\/pages\/53\/revisions"}],"predecessor-version":[{"id":7392,"href":"https:\/\/wpmtl.org\/en\/wp-json\/wp\/v2\/pages\/53\/revisions\/7392"}],"up":[{"embeddable":true,"href":"https:\/\/wpmtl.org\/en\/wp-json\/wp\/v2\/pages\/2584"}],"wp:featuredmedia":[{"embeddable":true,"href":"https:\/\/wpmtl.org\/en\/wp-json\/wp\/v2\/media\/2943"}],"wp:attachment":[{"href":"https:\/\/wpmtl.org\/en\/wp-json\/wp\/v2\/media?parent=53"}],"wp:term":[{"taxonomy":"post_tag","embeddable":true,"href":"https:\/\/wpmtl.org\/en\/wp-json\/wp\/v2\/tags?post=53"}],"curies":[{"name":"wp","href":"https:\/\/api.w.org\/{rel}","templated":true}]}}